{"id":17,"date":"2020-06-28T02:09:17","date_gmt":"2020-06-28T00:09:17","guid":{"rendered":"https:\/\/sound-check.fr\/?page_id=17"},"modified":"2020-07-29T22:11:31","modified_gmt":"2020-07-29T20:11:31","slug":"contact","status":"publish","type":"page","link":"https:\/\/label-blackout.com\/index.php\/contact\/","title":{"rendered":"Contact"},"content":{"rendered":"\n<p>Pour toute question, n&rsquo;h\u00e9sitez pas \u00e0 nous envoyer un mail \u00e0 contact@label-blackout.com<\/p>\n","protected":false},"excerpt":{"rendered":"<p>Pour toute question, n&rsquo;h\u00e9sitez pas \u00e0 nous envoyer un mail \u00e0 contact@label-blackout.com<\/p>\n","protected":false},"author":1,"featured_media":0,"parent":0,"menu_order":0,"comment_status":"closed","ping_status":"closed","template":"page-templates\/template_fullwidth.php","meta":{"footnotes":""},"class_list":["post-17","page","type-page","status-publish","hentry"],"jetpack_sharing_enabled":true,"_links":{"self":[{"href":"https:\/\/label-blackout.com\/index.php\/wp-json\/wp\/v2\/pages\/17","targetHints":{"allow":["GET"]}}],"collection":[{"href":"https:\/\/label-blackout.com\/index.php\/wp-json\/wp\/v2\/pages"}],"about":[{"href":"https:\/\/label-blackout.com\/index.php\/wp-json\/wp\/v2\/types\/page"}],"author":[{"embeddable":true,"href":"https:\/\/label-blackout.com\/index.php\/wp-json\/wp\/v2\/users\/1"}],"replies":[{"embeddable":true,"href":"https:\/\/label-blackout.com\/index.php\/wp-json\/wp\/v2\/comments?post=17"}],"version-history":[{"count":11,"href":"https:\/\/label-blackout.com\/index.php\/wp-json\/wp\/v2\/pages\/17\/revisions"}],"predecessor-version":[{"id":146,"href":"https:\/\/label-blackout.com\/index.php\/wp-json\/wp\/v2\/pages\/17\/revisions\/146"}],"wp:attachment":[{"href":"https:\/\/label-blackout.com\/index.php\/wp-json\/wp\/v2\/media?parent=17"}],"curies":[{"name":"wp","href":"https:\/\/api.w.org\/{rel}","templated":true}]}}