{"id":27,"date":"2020-06-28T02:10:59","date_gmt":"2020-06-28T00:10:59","guid":{"rendered":"https:\/\/sound-check.fr\/?page_id=27"},"modified":"2024-02-12T15:17:11","modified_gmt":"2024-02-12T14:17:11","slug":"accueil","status":"publish","type":"page","link":"https:\/\/label-blackout.com\/","title":{"rendered":"Elementor #27"},"content":{"rendered":"\t\t<div data-elementor-type=\"wp-page\" data-elementor-id=\"27\" class=\"elementor elementor-27\">\n\t\t\t\t\t\t<section class=\"elementor-section elementor-top-section elementor-element elementor-element-e25ce8a elementor-section-boxed elementor-section-height-default elementor-section-height-default\" data-id=\"e25ce8a\" data-element_type=\"section\">\n\t\t\t\t\t\t<div class=\"elementor-container elementor-column-gap-default\">\n\t\t\t\t\t<div class=\"elementor-column elementor-col-33 elementor-top-column elementor-element elementor-element-2d5944c\" data-id=\"2d5944c\" data-element_type=\"column\">\n\t\t\t<div class=\"elementor-widget-wrap elementor-element-populated\">\n\t\t\t\t\t\t<div class=\"elementor-element elementor-element-8b851ba elementor-widget elementor-widget-image\" data-id=\"8b851ba\" data-element_type=\"widget\" data-widget_type=\"image.default\">\n\t\t\t\t<div class=\"elementor-widget-container\">\n\t\t\t\t\t\t\t\t\t\t\t\t\t\t\t\t<a href=\"https:\/\/tarmac-rodeo.com\">\n\t\t\t\t\t\t\t<img fetchpriority=\"high\" decoding=\"async\" width=\"980\" height=\"654\" src=\"https:\/\/label-blackout.com\/wp-content\/uploads\/2022\/10\/MG_5026-1024x683.jpg\" class=\"attachment-large size-large wp-image-184\" alt=\"Tarmac Rod\u00e9o\" srcset=\"https:\/\/label-blackout.com\/wp-content\/uploads\/2022\/10\/MG_5026-1024x683.jpg 1024w, https:\/\/label-blackout.com\/wp-content\/uploads\/2022\/10\/MG_5026-300x200.jpg 300w, https:\/\/label-blackout.com\/wp-content\/uploads\/2022\/10\/MG_5026-768x512.jpg 768w, https:\/\/label-blackout.com\/wp-content\/uploads\/2022\/10\/MG_5026-1536x1024.jpg 1536w, https:\/\/label-blackout.com\/wp-content\/uploads\/2022\/10\/MG_5026-2048x1365.jpg 2048w, https:\/\/label-blackout.com\/wp-content\/uploads\/2022\/10\/MG_5026-416x277.jpg 416w\" sizes=\"(max-width: 980px) 100vw, 980px\" \/>\t\t\t\t\t\t\t\t<\/a>\n\t\t\t\t\t\t\t\t\t\t\t\t\t\t\t<\/div>\n\t\t\t\t<\/div>\n\t\t\t\t\t<\/div>\n\t\t<\/div>\n\t\t\t\t<div class=\"elementor-column elementor-col-33 elementor-top-column elementor-element elementor-element-7429375\" data-id=\"7429375\" data-element_type=\"column\">\n\t\t\t<div class=\"elementor-widget-wrap elementor-element-populated\">\n\t\t\t\t\t\t<div class=\"elementor-element elementor-element-a0f380a elementor-widget elementor-widget-image\" data-id=\"a0f380a\" data-element_type=\"widget\" data-widget_type=\"image.default\">\n\t\t\t\t<div class=\"elementor-widget-container\">\n\t\t\t\t\t\t\t\t\t\t\t\t\t\t\t\t<a href=\"https:\/\/jujubeesswing.wixsite.com\/jujubees\">\n\t\t\t\t\t\t\t<img decoding=\"async\" width=\"980\" height=\"584\" src=\"https:\/\/label-blackout.com\/wp-content\/uploads\/2022\/10\/PHOTO-1-JuJuBees-Swing-Combo-cre\u0301dit-Thibaut-Charbonnier-1024x610.jpg\" class=\"attachment-large size-large wp-image-186\" alt=\"\" srcset=\"https:\/\/label-blackout.com\/wp-content\/uploads\/2022\/10\/PHOTO-1-JuJuBees-Swing-Combo-cre\u0301dit-Thibaut-Charbonnier-1024x610.jpg 1024w, https:\/\/label-blackout.com\/wp-content\/uploads\/2022\/10\/PHOTO-1-JuJuBees-Swing-Combo-cre\u0301dit-Thibaut-Charbonnier-300x179.jpg 300w, https:\/\/label-blackout.com\/wp-content\/uploads\/2022\/10\/PHOTO-1-JuJuBees-Swing-Combo-cre\u0301dit-Thibaut-Charbonnier-768x457.jpg 768w, https:\/\/label-blackout.com\/wp-content\/uploads\/2022\/10\/PHOTO-1-JuJuBees-Swing-Combo-cre\u0301dit-Thibaut-Charbonnier-1536x915.jpg 1536w, https:\/\/label-blackout.com\/wp-content\/uploads\/2022\/10\/PHOTO-1-JuJuBees-Swing-Combo-cre\u0301dit-Thibaut-Charbonnier-416x248.jpg 416w, https:\/\/label-blackout.com\/wp-content\/uploads\/2022\/10\/PHOTO-1-JuJuBees-Swing-Combo-cre\u0301dit-Thibaut-Charbonnier.jpg 1805w\" sizes=\"(max-width: 980px) 100vw, 980px\" \/>\t\t\t\t\t\t\t\t<\/a>\n\t\t\t\t\t\t\t\t\t\t\t\t\t\t\t<\/div>\n\t\t\t\t<\/div>\n\t\t\t\t\t<\/div>\n\t\t<\/div>\n\t\t\t\t<div class=\"elementor-column elementor-col-33 elementor-top-column elementor-element elementor-element-3c3acf3\" data-id=\"3c3acf3\" data-element_type=\"column\">\n\t\t\t<div class=\"elementor-widget-wrap elementor-element-populated\">\n\t\t\t\t\t\t<div class=\"elementor-element elementor-element-42aed1c elementor-widget elementor-widget-image\" data-id=\"42aed1c\" data-element_type=\"widget\" data-widget_type=\"image.default\">\n\t\t\t\t<div class=\"elementor-widget-container\">\n\t\t\t\t\t\t\t\t\t\t\t\t\t\t\t\t<a href=\"https:\/\/anisetteetlesglaco.wixsite.com\/anisetteetlesglacons\">\n\t\t\t\t\t\t\t<img decoding=\"async\" width=\"768\" height=\"512\" src=\"https:\/\/label-blackout.com\/wp-content\/uploads\/2020\/06\/anisette-768x512.jpg\" class=\"attachment-medium_large size-medium_large wp-image-110\" alt=\"\" srcset=\"https:\/\/label-blackout.com\/wp-content\/uploads\/2020\/06\/anisette-768x512.jpg 768w, https:\/\/label-blackout.com\/wp-content\/uploads\/2020\/06\/anisette-300x200.jpg 300w, https:\/\/label-blackout.com\/wp-content\/uploads\/2020\/06\/anisette-1024x682.jpg 1024w, https:\/\/label-blackout.com\/wp-content\/uploads\/2020\/06\/anisette-416x277.jpg 416w, https:\/\/label-blackout.com\/wp-content\/uploads\/2020\/06\/anisette.jpg 1169w\" sizes=\"(max-width: 768px) 100vw, 768px\" \/>\t\t\t\t\t\t\t\t<\/a>\n\t\t\t\t\t\t\t\t\t\t\t\t\t\t\t<\/div>\n\t\t\t\t<\/div>\n\t\t\t\t\t<\/div>\n\t\t<\/div>\n\t\t\t\t\t<\/div>\n\t\t<\/section>\n\t\t\t\t<section class=\"elementor-section elementor-top-section elementor-element elementor-element-6089e2ff elementor-section-boxed elementor-section-height-default elementor-section-height-default\" data-id=\"6089e2ff\" data-element_type=\"section\">\n\t\t\t\t\t\t<div class=\"elementor-container elementor-column-gap-default\">\n\t\t\t\t\t<div class=\"elementor-column elementor-col-100 elementor-top-column elementor-element elementor-element-1a22b273\" data-id=\"1a22b273\" data-element_type=\"column\">\n\t\t\t<div class=\"elementor-widget-wrap elementor-element-populated\">\n\t\t\t\t\t\t<div class=\"elementor-element elementor-element-1919289c elementor-widget elementor-widget-text-editor\" data-id=\"1919289c\" data-element_type=\"widget\" data-widget_type=\"text-editor.default\">\n\t\t\t\t<div class=\"elementor-widget-container\">\n\t\t\t\t\t\t\t\t\t<p style=\"text-align: left;\">Le label Blackout offre aux groupes et projets qui souhaitent rejoindre le r\u00e9seau,&nbsp;<strong>les prestations qu&rsquo;ils attendent pour se d\u00e9velopper et concr\u00e9tiser leurs projets artistiques<\/strong>.&nbsp;Conseils, booking, enregistrements studio, photos et clips professionnels, conception de d\u00e9cors, visibilit\u00e9, accompagnement, soutien, etc. pour que l&rsquo;ind\u00e9pendance ne soit pas un obstacle \u00e0 l&rsquo;expression.<\/p>\n<p><\/p>\n<p>Comme vous pourrez le constater en vous baladant sur notre site, diff\u00e9rents styles de musiques se c\u00f4toient au sein de la structure.&nbsp;<strong>Une diversit\u00e9 comme garante de notre ouverture d&rsquo;esprit et de notre objectivit\u00e9<\/strong>.&nbsp;Des artistes \u00e0 d\u00e9couvrir et des \u0153uvres \u00e0 partager, aussi agr\u00e9ables que l&rsquo;ambiance qui r\u00e8gne chez nous.<\/p>\n<p><\/p>\n<p>L&rsquo;\u00e9quipe du label BLACKOUT<\/p>\t\t\t\t\t\t\t\t<\/div>\n\t\t\t\t<\/div>\n\t\t\t\t\t<\/div>\n\t\t<\/div>\n\t\t\t\t\t<\/div>\n\t\t<\/section>\n\t\t\t\t<\/div>\n\t\t","protected":false},"excerpt":{"rendered":"<p>Le label Blackout offre aux groupes et projets qui souhaitent rejoindre le r\u00e9seau,&nbsp;les prestations qu&rsquo;ils attendent pour se d\u00e9velopper et concr\u00e9tiser leurs projets artistiques.&nbsp;Conseils, booking, enregistrements studio, photos et clips professionnels, conception de d\u00e9cors, visibilit\u00e9, accompagnement, soutien, etc. pour que l&rsquo;ind\u00e9pendance ne soit pas un obstacle \u00e0 l&rsquo;expression. Comme vous pourrez le constater en vous [&hellip;]<\/p>\n","protected":false},"author":1,"featured_media":0,"parent":0,"menu_order":0,"comment_status":"closed","ping_status":"closed","template":"template-fullwidth.php","meta":{"footnotes":""},"class_list":["post-27","page","type-page","status-publish","hentry"],"jetpack_sharing_enabled":true,"_links":{"self":[{"href":"https:\/\/label-blackout.com\/index.php\/wp-json\/wp\/v2\/pages\/27","targetHints":{"allow":["GET"]}}],"collection":[{"href":"https:\/\/label-blackout.com\/index.php\/wp-json\/wp\/v2\/pages"}],"about":[{"href":"https:\/\/label-blackout.com\/index.php\/wp-json\/wp\/v2\/types\/page"}],"author":[{"embeddable":true,"href":"https:\/\/label-blackout.com\/index.php\/wp-json\/wp\/v2\/users\/1"}],"replies":[{"embeddable":true,"href":"https:\/\/label-blackout.com\/index.php\/wp-json\/wp\/v2\/comments?post=27"}],"version-history":[{"count":30,"href":"https:\/\/label-blackout.com\/index.php\/wp-json\/wp\/v2\/pages\/27\/revisions"}],"predecessor-version":[{"id":229,"href":"https:\/\/label-blackout.com\/index.php\/wp-json\/wp\/v2\/pages\/27\/revisions\/229"}],"wp:attachment":[{"href":"https:\/\/label-blackout.com\/index.php\/wp-json\/wp\/v2\/media?parent=27"}],"curies":[{"name":"wp","href":"https:\/\/api.w.org\/{rel}","templated":true}]}}