{"id":173,"date":"2020-07-31T11:15:33","date_gmt":"2020-07-31T09:15:33","guid":{"rendered":"https:\/\/label-blackout.com\/?post_type=product&#038;p=173"},"modified":"2025-10-31T18:31:49","modified_gmt":"2025-10-31T17:31:49","slug":"radio-noisetalgie-the-jacks-sonnent-4","status":"publish","type":"product","link":"https:\/\/label-blackout.com\/index.php\/produit\/radio-noisetalgie-the-jacks-sonnent-4\/","title":{"rendered":"THE JACKS SONNENT 4 [album] \u00ab\u00a0Radio Noise&rsquo;talgie\u00a0\u00bb"},"content":{"rendered":"<p>The Jacks Sonnent 4, c&rsquo;est Dalida qui fait une K7 avec The Offspring, Joe Dassin et Mike Brant en skate sur du Blink182, c&rsquo;est Aqua et les h\u00e9ros de Disney avec une cr\u00eate&#8230; Bref, c&rsquo;est 100% de tubes pass\u00e9s \u00e0 la moulinette Skate punk !<\/p>\n","protected":false},"excerpt":{"rendered":"<p>Skate Punk Vari\u00e9t\u00e9s &#8211; un album de reprises franchouillardes en punk rock californien<\/p>\n","protected":false},"featured_media":174,"comment_status":"open","ping_status":"closed","template":"","meta":[],"product_brand":[],"product_cat":[18,17],"product_tag":[],"class_list":{"0":"post-173","1":"product","2":"type-product","3":"status-publish","4":"has-post-thumbnail","6":"product_cat-album","7":"product_cat-disques","9":"first","10":"outofstock","11":"purchasable","12":"product-type-simple"},"jetpack_sharing_enabled":true,"_links":{"self":[{"href":"https:\/\/label-blackout.com\/index.php\/wp-json\/wp\/v2\/product\/173","targetHints":{"allow":["GET"]}}],"collection":[{"href":"https:\/\/label-blackout.com\/index.php\/wp-json\/wp\/v2\/product"}],"about":[{"href":"https:\/\/label-blackout.com\/index.php\/wp-json\/wp\/v2\/types\/product"}],"replies":[{"embeddable":true,"href":"https:\/\/label-blackout.com\/index.php\/wp-json\/wp\/v2\/comments?post=173"}],"wp:featuredmedia":[{"embeddable":true,"href":"https:\/\/label-blackout.com\/index.php\/wp-json\/wp\/v2\/media\/174"}],"wp:attachment":[{"href":"https:\/\/label-blackout.com\/index.php\/wp-json\/wp\/v2\/media?parent=173"}],"wp:term":[{"taxonomy":"product_brand","embeddable":true,"href":"https:\/\/label-blackout.com\/index.php\/wp-json\/wp\/v2\/product_brand?post=173"},{"taxonomy":"product_cat","embeddable":true,"href":"https:\/\/label-blackout.com\/index.php\/wp-json\/wp\/v2\/product_cat?post=173"},{"taxonomy":"product_tag","embeddable":true,"href":"https:\/\/label-blackout.com\/index.php\/wp-json\/wp\/v2\/product_tag?post=173"}],"curies":[{"name":"wp","href":"https:\/\/api.w.org\/{rel}","templated":true}]}}