{"id":93,"date":"2020-06-30T18:38:12","date_gmt":"2020-06-30T16:38:12","guid":{"rendered":"https:\/\/sound-check.fr\/?post_type=product&#038;p=93"},"modified":"2025-10-31T18:31:49","modified_gmt":"2025-10-31T17:31:49","slug":"super-pouvoirs-pour-super-rockstars-les-kourtes-pat","status":"publish","type":"product","link":"https:\/\/label-blackout.com\/index.php\/produit\/super-pouvoirs-pour-super-rockstars-les-kourtes-pat\/","title":{"rendered":"LES KOURTES PAT&rsquo; [album] \u00ab\u00a0Super-pouvoirs pour Super Rock-Stars\u00a0\u00bb"},"content":{"rendered":"<p>Comme lors du premier album, les morceaux de ce nouveau CD sont ceux du live. On retrouve donc l&rsquo;histoire rigolote et effr\u00e9n\u00e9e des 3 musiciens dans leur labo, tentant d&rsquo;obtenir les supers pouvoirs de supers RockStars gr\u00e2ce \u00e0 leur super-robot LKP_08.<\/p>\n","protected":false},"excerpt":{"rendered":"<p>Rock pour enfants &#8211; Album 10 titres du dernier spectacle des Kourtes Pat&rsquo;<\/p>\n","protected":false},"featured_media":94,"comment_status":"open","ping_status":"closed","template":"","meta":[],"product_brand":[],"product_cat":[18,17],"product_tag":[23,27,26],"class_list":{"0":"post-93","1":"product","2":"type-product","3":"status-publish","4":"has-post-thumbnail","6":"product_cat-album","7":"product_cat-disques","8":"product_tag-album","9":"product_tag-les-kourtes-pat","10":"product_tag-super-pouvoirs-pour-super-rockstars","12":"first","13":"outofstock","14":"purchasable","15":"product-type-simple"},"jetpack_sharing_enabled":true,"_links":{"self":[{"href":"https:\/\/label-blackout.com\/index.php\/wp-json\/wp\/v2\/product\/93","targetHints":{"allow":["GET"]}}],"collection":[{"href":"https:\/\/label-blackout.com\/index.php\/wp-json\/wp\/v2\/product"}],"about":[{"href":"https:\/\/label-blackout.com\/index.php\/wp-json\/wp\/v2\/types\/product"}],"replies":[{"embeddable":true,"href":"https:\/\/label-blackout.com\/index.php\/wp-json\/wp\/v2\/comments?post=93"}],"wp:featuredmedia":[{"embeddable":true,"href":"https:\/\/label-blackout.com\/index.php\/wp-json\/wp\/v2\/media\/94"}],"wp:attachment":[{"href":"https:\/\/label-blackout.com\/index.php\/wp-json\/wp\/v2\/media?parent=93"}],"wp:term":[{"taxonomy":"product_brand","embeddable":true,"href":"https:\/\/label-blackout.com\/index.php\/wp-json\/wp\/v2\/product_brand?post=93"},{"taxonomy":"product_cat","embeddable":true,"href":"https:\/\/label-blackout.com\/index.php\/wp-json\/wp\/v2\/product_cat?post=93"},{"taxonomy":"product_tag","embeddable":true,"href":"https:\/\/label-blackout.com\/index.php\/wp-json\/wp\/v2\/product_tag?post=93"}],"curies":[{"name":"wp","href":"https:\/\/api.w.org\/{rel}","templated":true}]}}